{"id":13,"date":"2020-03-23T11:08:57","date_gmt":"2020-03-23T11:08:57","guid":{"rendered":"http:\/\/wordpress.steuerkanzlei-hornstein.de\/?page_id=13"},"modified":"2026-01-07T08:06:56","modified_gmt":"2026-01-07T08:06:56","slug":"willkommen","status":"publish","type":"page","link":"https:\/\/www.steuerkanzlei-hornstein.de\/","title":{"rendered":"Ihre Steuerkanzlei in Erding"},"content":{"rendered":"\n<p style=\"font-size:16px;font-style:normal;font-weight:400;letter-spacing:0px;line-height:1.4\">Wir freuen uns, Sie auf unsere Webseite begr\u00fc\u00dfen zu d\u00fcrfen.<\/p>\n\n\n\n<!-- Inline HTML f\u00fcr WordPress -->\n<br \/>\n<div style=\"display:flex; gap:20px; align-items:center;\">\n  <div style=\"flex:1 1 0; text-align:center;\">\n    <img decoding=\"async\" src=\"https:\/\/www.steuerkanzlei-hornstein.de\/wp-content\/uploads\/2025\/12\/taxED.png\" style=\"width:100%; min-width:300px;\" alt=\"Steuerkanzlei ED\" \/>\n  <\/div>\n  <div style=\"flex:2 1 0; font-size:16px;font-style:normal;font-weight:400;letter-spacing:0px;line-height:1.4\">\n    <div>Die Hornstein Steuerberatungs GmbH in Erding (Ortsteil Altenerding) ist Ihr Ansprechpartner f\u00fcr steuerliche Angelegenheiten von kleinen (Einzel-)Unternehmen, Freiberuflern und Handwerksbetrieben sowie f\u00fcr Angestellte, Rentner und Vermieter.<\/div>\n<\/div>\n<br \/>\n<br \/>\n\n\n\n<div class=\"wp-block-columns is-layout-flex wp-container-core-columns-is-layout-9d6595d7 wp-block-columns-is-layout-flex\">\n<div class=\"wp-block-column is-layout-flow wp-block-column-is-layout-flow\"><\/div>\n\n\n\n<div class=\"wp-block-column is-layout-flow wp-block-column-is-layout-flow\"><\/div>\n<\/div>\n\n\n\n<p><\/p>\n","protected":false},"excerpt":{"rendered":"<p>Wir freuen uns, Sie auf unsere Webseite begr\u00fc\u00dfen zu d\u00fcrfen. Die Hornstein Steuerberatungs GmbH in Erding (Ortsteil Altenerding) ist Ihr Ansprechpartner f\u00fcr steuerliche Angelegenheiten von kleinen (Einzel-)Unternehmen, Freiberuflern und Handwerksbetrieben sowie f\u00fcr Angestellte, Rentner und Vermieter.<\/p>\n","protected":false},"author":1,"featured_media":0,"parent":0,"menu_order":0,"comment_status":"closed","ping_status":"closed","template":"","meta":{"footnotes":""},"class_list":["post-13","page","type-page","status-publish","hentry"],"_links":{"self":[{"href":"https:\/\/www.steuerkanzlei-hornstein.de\/index.php?rest_route=\/wp\/v2\/pages\/13","targetHints":{"allow":["GET"]}}],"collection":[{"href":"https:\/\/www.steuerkanzlei-hornstein.de\/index.php?rest_route=\/wp\/v2\/pages"}],"about":[{"href":"https:\/\/www.steuerkanzlei-hornstein.de\/index.php?rest_route=\/wp\/v2\/types\/page"}],"author":[{"embeddable":true,"href":"https:\/\/www.steuerkanzlei-hornstein.de\/index.php?rest_route=\/wp\/v2\/users\/1"}],"replies":[{"embeddable":true,"href":"https:\/\/www.steuerkanzlei-hornstein.de\/index.php?rest_route=%2Fwp%2Fv2%2Fcomments&post=13"}],"version-history":[{"count":132,"href":"https:\/\/www.steuerkanzlei-hornstein.de\/index.php?rest_route=\/wp\/v2\/pages\/13\/revisions"}],"predecessor-version":[{"id":631,"href":"https:\/\/www.steuerkanzlei-hornstein.de\/index.php?rest_route=\/wp\/v2\/pages\/13\/revisions\/631"}],"wp:attachment":[{"href":"https:\/\/www.steuerkanzlei-hornstein.de\/index.php?rest_route=%2Fwp%2Fv2%2Fmedia&parent=13"}],"curies":[{"name":"wp","href":"https:\/\/api.w.org\/{rel}","templated":true}]}}